{"id":1114,"date":"2021-03-30T12:02:03","date_gmt":"2021-03-30T05:02:03","guid":{"rendered":"https:\/\/500000wordswithpictures.com\/politique-de-confidentialite\/"},"modified":"2021-03-30T12:02:03","modified_gmt":"2021-03-30T05:02:03","slug":"politique-de-confidentialite","status":"publish","type":"page","link":"https:\/\/500000wordswithpictures.com\/fr\/politique-de-confidentialite\/","title":{"rendered":"POLITIQUE DE CONFIDENTIALIT\u00c9"},"content":{"rendered":"\n\t<section class=\"section\" id=\"section_897943820\">\n\t\t<div class=\"bg section-bg fill bg-fill  bg-loaded\" >\n\n\t\t\t\n\t\t\t\n\t\t\t\n\n\t\t<\/div>\n\n\t\t\n\n\t\t<div class=\"section-content relative\">\n\t\t\t\n\n<div class=\"row\"  id=\"row-931224762\">\n\n\n\t<div id=\"col-1115011554\" class=\"col small-12 large-12\"  >\n\t\t\t\t<div class=\"col-inner\"  >\n\t\t\t\n\t\t\t\n\n\t<div id=\"text-2401818583\" class=\"text\">\n\t\t\n\n<h2 class=\"entry-title\"><strong>POLITIQUE DE CONFIDENTIALIT\u00c9<\/strong><\/h2>\n\t\t\n<style>\n#text-2401818583 {\n  text-align: center;\n}\n<\/style>\n\t<\/div>\n\t\n\n\t\t<\/div>\n\t\t\t\t\t<\/div>\n\n\t\n\n<\/div>\n<div class=\"row\"  id=\"row-311453974\">\n\n\n\t<div id=\"col-129110904\" class=\"col small-12 large-12\"  >\n\t\t\t\t<div class=\"col-inner\"  >\n\t\t\t\n\t\t\t<p> Informations collect\u00e9es automatiquement via cette Application (ou des services tiers employ\u00e9s dans cette Application), qui peuvent inclure: les adresses IP ou les noms de domaine des ordinateurs utilis\u00e9s par les Utilisateurs qui utilisent cette Application, les adresses URI (Uniform Resource Identifier ), l&rsquo;heure de la demande, la m\u00e9thode utilis\u00e9e pour soumettre la demande au serveur, la taille du fichier re\u00e7u en r\u00e9ponse, le code num\u00e9rique indiquant l&rsquo;\u00e9tat de la r\u00e9ponse du serveur (succ\u00e8s, erreur, etc.), le pays d&rsquo;origine, les fonctionnalit\u00e9s du navigateur et du syst\u00e8me d&rsquo;exploitation utilis\u00e9 par l&rsquo;Utilisateur, les diff\u00e9rents d\u00e9tails du temps par visite (par exemple, le temps pass\u00e9 sur chaque page dans l&rsquo;Application) et les d\u00e9tails sur le chemin suivi dans l&rsquo;Application avec une r\u00e9f\u00e9rence particuli\u00e8re \u00e0 la s\u00e9quence des pages visit\u00e9es et d&rsquo;autres param\u00e8tres concernant le syst\u00e8me d&rsquo;exploitation de l&rsquo;appareil et \/ ou l&rsquo;environnement informatique de l&rsquo;utilisateur. <\/p>\r\n<p> Utilisateur <\/p>\r\n<p> La personne utilisant cette application qui, sauf indication contraire, co\u00efncide avec la personne concern\u00e9e. <\/p>\r\n<p> Sujet des donn\u00e9es <\/p>\r\n<p> La personne physique \u00e0 laquelle se r\u00e9f\u00e8rent les donn\u00e9es personnelles. <\/p>\r\n<p> Processeur de donn\u00e9es (ou superviseur de donn\u00e9es) <\/p>\r\n<p> La personne physique ou morale, l&rsquo;autorit\u00e9 publique, l&rsquo;agence ou tout autre organisme qui traite les donn\u00e9es personnelles au nom du responsable du traitement, comme d\u00e9crit dans cette politique de confidentialit\u00e9. <\/p>\r\n<p> Responsable du traitement (ou propri\u00e9taire) <\/p>\r\n<p> La personne physique ou morale, l&rsquo;autorit\u00e9 publique, l&rsquo;institution ou tout autre organisme qui, seul ou conjointement avec d&rsquo;autres, d\u00e9termine les finalit\u00e9s et les moyens du traitement des donn\u00e9es personnelles, y compris les mesures de s\u00e9curit\u00e9 concernant le fonctionnement et l&rsquo;utilisation de cette application. Sauf indication contraire, le Responsable du traitement est le Propri\u00e9taire de cette Application. <\/p>\r\n<p> Cette application <\/p>\r\n<p> Les moyens par lesquels les donn\u00e9es personnelles de l&rsquo;utilisateur sont collect\u00e9es et trait\u00e9es. <\/p>\r\n<p> Service <\/p>\r\n<p> Le service fourni par cette Application tel que d\u00e9crit dans les conditions s&rsquo;y rapportant (le cas \u00e9ch\u00e9ant) et sur ce site \/ cette application. <\/p>\r\n<p> Union europ\u00e9enne (ou UE) <\/p>\r\n<p> Sauf indication contraire, toutes les r\u00e9f\u00e9rences faites dans ce document \u00e0 l&rsquo;Union europ\u00e9enne incluent tous les \u00c9tats membres actuels de l&rsquo;Union europ\u00e9enne et de l&rsquo;Espace \u00e9conomique europ\u00e9en. <\/p>\r\n<p> Cookies <\/p>\r\n<p> Petits ensembles de donn\u00e9es stock\u00e9s sur l&rsquo;appareil de l&rsquo;utilisateur. <\/p>\r\n<p> Informations l\u00e9gales <\/p>\r\n<p> Cette d\u00e9claration de confidentialit\u00e9 a \u00e9t\u00e9 pr\u00e9par\u00e9e sur la base des dispositions de plusieurs l\u00e9gislations, y compris l&rsquo;art. 13\/14 du r\u00e8glement (UE) 2016\/679 (r\u00e8glement g\u00e9n\u00e9ral sur la protection des donn\u00e9es). <\/p>\r\n<p> Cette politique de confidentialit\u00e9 concerne uniquement cette application, sauf indication contraire dans ce document. <\/p>\t\t<\/div>\n\t\t\t\t\t<\/div>\n\n\t\n\n<\/div>\n\n\t\t<\/div>\n\n\t\t\n<style>\n#section_897943820 {\n  padding-top: 30px;\n  padding-bottom: 30px;\n}\n<\/style>\n\t<\/section>\n\t\n\n","protected":false},"excerpt":{"rendered":"","protected":false},"author":1,"featured_media":0,"parent":0,"menu_order":0,"comment_status":"closed","ping_status":"closed","template":"","meta":{"footnotes":""},"class_list":["post-1114","page","type-page","status-publish","hentry"],"yoast_head":"<!-- This site is optimized with the Yoast SEO plugin v20.8 - https:\/\/yoast.com\/wordpress\/plugins\/seo\/ -->\n<title>POLITIQUE DE CONFIDENTIALIT\u00c9 - 50000 words with pictures<\/title>\n<meta name=\"robots\" content=\"index, follow, max-snippet:-1, max-image-preview:large, max-video-preview:-1\" \/>\n<link rel=\"canonical\" href=\"https:\/\/500000wordswithpictures.com\/fr\/politique-de-confidentialite\/\" \/>\n<meta property=\"og:locale\" content=\"fr_FR\" \/>\n<meta property=\"og:type\" content=\"article\" \/>\n<meta property=\"og:title\" content=\"POLITIQUE DE CONFIDENTIALIT\u00c9 - 50000 words with pictures\" \/>\n<meta property=\"og:url\" content=\"https:\/\/500000wordswithpictures.com\/fr\/politique-de-confidentialite\/\" \/>\n<meta property=\"og:site_name\" content=\"50000 words with pictures\" \/>\n<meta name=\"twitter:card\" content=\"summary_large_image\" \/>\n<meta name=\"twitter:label1\" content=\"Dur\u00e9e de lecture estim\u00e9e\" \/>\n\t<meta name=\"twitter:data1\" content=\"2 minutes\" \/>\n<script type=\"application\/ld+json\" class=\"yoast-schema-graph\">{\"@context\":\"https:\/\/schema.org\",\"@graph\":[{\"@type\":\"WebPage\",\"@id\":\"https:\/\/500000wordswithpictures.com\/fr\/politique-de-confidentialite\/\",\"url\":\"https:\/\/500000wordswithpictures.com\/fr\/politique-de-confidentialite\/\",\"name\":\"POLITIQUE DE CONFIDENTIALIT\u00c9 - 50000 words with pictures\",\"isPartOf\":{\"@id\":\"https:\/\/500000wordswithpictures.com\/#website\"},\"datePublished\":\"2021-03-30T05:02:03+00:00\",\"dateModified\":\"2021-03-30T05:02:03+00:00\",\"breadcrumb\":{\"@id\":\"https:\/\/500000wordswithpictures.com\/fr\/politique-de-confidentialite\/#breadcrumb\"},\"inLanguage\":\"fr-FR\",\"potentialAction\":[{\"@type\":\"ReadAction\",\"target\":[\"https:\/\/500000wordswithpictures.com\/fr\/politique-de-confidentialite\/\"]}]},{\"@type\":\"BreadcrumbList\",\"@id\":\"https:\/\/500000wordswithpictures.com\/fr\/politique-de-confidentialite\/#breadcrumb\",\"itemListElement\":[{\"@type\":\"ListItem\",\"position\":1,\"name\":\"Home\",\"item\":\"https:\/\/500000wordswithpictures.com\/fr\/\"},{\"@type\":\"ListItem\",\"position\":2,\"name\":\"POLITIQUE DE CONFIDENTIALIT\u00c9\"}]},{\"@type\":\"WebSite\",\"@id\":\"https:\/\/500000wordswithpictures.com\/#website\",\"url\":\"https:\/\/500000wordswithpictures.com\/\",\"name\":\"50000 words with pictures\",\"description\":\"50000 words with pictures\",\"potentialAction\":[{\"@type\":\"SearchAction\",\"target\":{\"@type\":\"EntryPoint\",\"urlTemplate\":\"https:\/\/500000wordswithpictures.com\/?s={search_term_string}\"},\"query-input\":\"required name=search_term_string\"}],\"inLanguage\":\"fr-FR\"}]}<\/script>\n<!-- \/ Yoast SEO plugin. -->","yoast_head_json":{"title":"POLITIQUE DE CONFIDENTIALIT\u00c9 - 50000 words with pictures","robots":{"index":"index","follow":"follow","max-snippet":"max-snippet:-1","max-image-preview":"max-image-preview:large","max-video-preview":"max-video-preview:-1"},"canonical":"https:\/\/500000wordswithpictures.com\/fr\/politique-de-confidentialite\/","og_locale":"fr_FR","og_type":"article","og_title":"POLITIQUE DE CONFIDENTIALIT\u00c9 - 50000 words with pictures","og_url":"https:\/\/500000wordswithpictures.com\/fr\/politique-de-confidentialite\/","og_site_name":"50000 words with pictures","twitter_card":"summary_large_image","twitter_misc":{"Dur\u00e9e de lecture estim\u00e9e":"2 minutes"},"schema":{"@context":"https:\/\/schema.org","@graph":[{"@type":"WebPage","@id":"https:\/\/500000wordswithpictures.com\/fr\/politique-de-confidentialite\/","url":"https:\/\/500000wordswithpictures.com\/fr\/politique-de-confidentialite\/","name":"POLITIQUE DE CONFIDENTIALIT\u00c9 - 50000 words with pictures","isPartOf":{"@id":"https:\/\/500000wordswithpictures.com\/#website"},"datePublished":"2021-03-30T05:02:03+00:00","dateModified":"2021-03-30T05:02:03+00:00","breadcrumb":{"@id":"https:\/\/500000wordswithpictures.com\/fr\/politique-de-confidentialite\/#breadcrumb"},"inLanguage":"fr-FR","potentialAction":[{"@type":"ReadAction","target":["https:\/\/500000wordswithpictures.com\/fr\/politique-de-confidentialite\/"]}]},{"@type":"BreadcrumbList","@id":"https:\/\/500000wordswithpictures.com\/fr\/politique-de-confidentialite\/#breadcrumb","itemListElement":[{"@type":"ListItem","position":1,"name":"Home","item":"https:\/\/500000wordswithpictures.com\/fr\/"},{"@type":"ListItem","position":2,"name":"POLITIQUE DE CONFIDENTIALIT\u00c9"}]},{"@type":"WebSite","@id":"https:\/\/500000wordswithpictures.com\/#website","url":"https:\/\/500000wordswithpictures.com\/","name":"50000 words with pictures","description":"50000 words with pictures","potentialAction":[{"@type":"SearchAction","target":{"@type":"EntryPoint","urlTemplate":"https:\/\/500000wordswithpictures.com\/?s={search_term_string}"},"query-input":"required name=search_term_string"}],"inLanguage":"fr-FR"}]}},"_links":{"self":[{"href":"https:\/\/500000wordswithpictures.com\/fr\/wp-json\/wp\/v2\/pages\/1114"}],"collection":[{"href":"https:\/\/500000wordswithpictures.com\/fr\/wp-json\/wp\/v2\/pages"}],"about":[{"href":"https:\/\/500000wordswithpictures.com\/fr\/wp-json\/wp\/v2\/types\/page"}],"author":[{"embeddable":true,"href":"https:\/\/500000wordswithpictures.com\/fr\/wp-json\/wp\/v2\/users\/1"}],"replies":[{"embeddable":true,"href":"https:\/\/500000wordswithpictures.com\/fr\/wp-json\/wp\/v2\/comments?post=1114"}],"version-history":[{"count":1,"href":"https:\/\/500000wordswithpictures.com\/fr\/wp-json\/wp\/v2\/pages\/1114\/revisions"}],"predecessor-version":[{"id":1115,"href":"https:\/\/500000wordswithpictures.com\/fr\/wp-json\/wp\/v2\/pages\/1114\/revisions\/1115"}],"wp:attachment":[{"href":"https:\/\/500000wordswithpictures.com\/fr\/wp-json\/wp\/v2\/media?parent=1114"}],"curies":[{"name":"wp","href":"https:\/\/api.w.org\/{rel}","templated":true}]}}